{"id":1746,"date":"2025-07-04T18:23:45","date_gmt":"2025-07-04T18:23:45","guid":{"rendered":"https:\/\/end-intl.com\/?page_id=1746"},"modified":"2025-07-21T16:21:59","modified_gmt":"2025-07-21T16:21:59","slug":"nosotros","status":"publish","type":"page","link":"https:\/\/end-intl.com\/index.php\/nosotros\/","title":{"rendered":"NOSOTROS"},"content":{"rendered":"\n<div class=\"section-wrapper\" data-id=\"H8d2EO\"><section class=\"wp-block-gutenverse-section guten-element guten-section guten-H8d2EO layout-boxed align-stretch\"><div class=\"guten-container guten-column-gap-default\">\n<div class=\"wp-block-gutenverse-column guten-element guten-column guten-AoWPJO\"><div class=\"guten-column-wrapper\" data-id=\"AoWPJO\">\n<div class=\"section-wrapper\" data-id=\"PVvNz3\"><section class=\"wp-block-gutenverse-section guten-element guten-section guten-PVvNz3 layout-boxed align-stretch\"><div class=\"guten-container guten-column-gap-no\">\n<div class=\"wp-block-gutenverse-column guten-element guten-column guten-6v8Nk9 animated guten-element-hide desktop-fadeInLeft\"><div class=\"guten-column-wrapper\" data-id=\"6v8Nk9\">\n<div class=\"guten-element guten-spacer guten-PPRAWw\"><\/div>\n<\/div><\/div>\n\n\n\n<div class=\"wp-block-gutenverse-column guten-element guten-column guten-C2FamW\"><div class=\"guten-column-wrapper\" data-id=\"C2FamW\">\n<h2 class=\"wp-block-gutenverse-heading guten-element guten-rOTdRc animated guten-element-hide desktop-fadeInRight\">Best Solutions For Your Business<\/h2>\n\n\n\n<div class=\"guten-element gutenverse-text-editor guten-H5rWBY animated guten-element-hide desktop-fadeInRight\"><div class=\"text-content-inner\">\n<p>Lorem ipsum dolor sit amet, consectetur adipiscing elit, sed do eiusmod tempor incididunt ut labore et dolore magna aliqua. Ut enim ad minim veniam, quis nostrud exercitation ullamco laboris nisi ut aliquip ex ea commodo.<\/p>\n<\/div><\/div>\n\n\n\n<div class=\"guten-element guten-button-wrapper guten-BTgZlT\"><a class=\"guten-button animated guten-element-hide desktop-fadeInRight guten-button-sm\" href=\"#\"><i class=\"fa-lg gtn gtn-play-button\"><\/i><span>Watch Video<\/span><\/a><\/div>\n<\/div><\/div>\n<\/div><\/section><\/div>\n<\/div><\/div>\n<\/div><\/section><\/div>\n","protected":false},"excerpt":{"rendered":"","protected":false},"author":1,"featured_media":257,"parent":0,"menu_order":0,"comment_status":"closed","ping_status":"closed","template":"","meta":{"footnotes":""},"class_list":["post-1746","page","type-page","status-publish","has-post-thumbnail","hentry"],"yoast_head":"<!-- This site is optimized with the Yoast SEO plugin v25.6 - https:\/\/yoast.com\/wordpress\/plugins\/seo\/ -->\n<title>\u00bfQui\u00e9nes Somos? - Punto Ecol\u00f3gico<\/title>\n<meta name=\"description\" content=\"End Interntional Desde Hace M\u00e1s De 16 A\u00f1os Transformamos La Experiencia En Ba\u00f1os Con Soluciones de Punto Ecol\u00f3gico, Modernas y Eficientes.\" \/>\n<meta name=\"robots\" content=\"index, follow, max-snippet:-1, max-image-preview:large, max-video-preview:-1\" \/>\n<link rel=\"canonical\" href=\"https:\/\/end-intl.com\/index.php\/nosotros\/\" \/>\n<meta property=\"og:locale\" content=\"es_ES\" \/>\n<meta property=\"og:type\" content=\"article\" \/>\n<meta property=\"og:title\" content=\"\u00bfQui\u00e9nes Somos? - Punto Ecol\u00f3gico\" \/>\n<meta property=\"og:description\" content=\"End Interntional Desde Hace M\u00e1s De 16 A\u00f1os Transformamos La Experiencia En Ba\u00f1os Con Soluciones de Punto Ecol\u00f3gico, Modernas y Eficientes.\" \/>\n<meta property=\"og:url\" content=\"https:\/\/end-intl.com\/index.php\/nosotros\/\" \/>\n<meta property=\"og:site_name\" content=\"Tienda END\" \/>\n<meta property=\"article:publisher\" content=\"https:\/\/www.facebook.com\/endinternational.col\" \/>\n<meta property=\"article:modified_time\" content=\"2025-07-21T16:21:59+00:00\" \/>\n<meta property=\"og:image\" content=\"https:\/\/end-intl.com\/wp-content\/uploads\/2022\/02\/colibri-image-83.png\" \/>\n\t<meta property=\"og:image:width\" content=\"1648\" \/>\n\t<meta property=\"og:image:height\" content=\"965\" \/>\n\t<meta property=\"og:image:type\" content=\"image\/png\" \/>\n<meta name=\"twitter:card\" content=\"summary_large_image\" \/>\n<meta name=\"twitter:site\" content=\"@endcolombia\" \/>\n<meta name=\"twitter:label1\" content=\"Tiempo de lectura\" \/>\n\t<meta name=\"twitter:data1\" content=\"1 minuto\" \/>\n<script type=\"application\/ld+json\" class=\"yoast-schema-graph\">{\"@context\":\"https:\/\/schema.org\",\"@graph\":[{\"@type\":\"WebPage\",\"@id\":\"https:\/\/end-intl.com\/index.php\/nosotros\/\",\"url\":\"https:\/\/end-intl.com\/index.php\/nosotros\/\",\"name\":\"\u00bfQui\u00e9nes Somos? - Punto Ecol\u00f3gico\",\"isPartOf\":{\"@id\":\"https:\/\/end-intl.com\/#website\"},\"primaryImageOfPage\":{\"@id\":\"https:\/\/end-intl.com\/index.php\/nosotros\/#primaryimage\"},\"image\":{\"@id\":\"https:\/\/end-intl.com\/index.php\/nosotros\/#primaryimage\"},\"thumbnailUrl\":\"https:\/\/end-intl.com\/wp-content\/uploads\/2022\/02\/colibri-image-83.png\",\"datePublished\":\"2025-07-04T18:23:45+00:00\",\"dateModified\":\"2025-07-21T16:21:59+00:00\",\"description\":\"End Interntional Desde Hace M\u00e1s De 16 A\u00f1os Transformamos La Experiencia En Ba\u00f1os Con Soluciones de Punto Ecol\u00f3gico, Modernas y Eficientes.\",\"breadcrumb\":{\"@id\":\"https:\/\/end-intl.com\/index.php\/nosotros\/#breadcrumb\"},\"inLanguage\":\"es-CO\",\"potentialAction\":[{\"@type\":\"ReadAction\",\"target\":[\"https:\/\/end-intl.com\/index.php\/nosotros\/\"]}]},{\"@type\":\"ImageObject\",\"inLanguage\":\"es-CO\",\"@id\":\"https:\/\/end-intl.com\/index.php\/nosotros\/#primaryimage\",\"url\":\"https:\/\/end-intl.com\/wp-content\/uploads\/2022\/02\/colibri-image-83.png\",\"contentUrl\":\"https:\/\/end-intl.com\/wp-content\/uploads\/2022\/02\/colibri-image-83.png\",\"width\":1648,\"height\":965},{\"@type\":\"BreadcrumbList\",\"@id\":\"https:\/\/end-intl.com\/index.php\/nosotros\/#breadcrumb\",\"itemListElement\":[{\"@type\":\"ListItem\",\"position\":1,\"name\":\"Inicio\",\"item\":\"https:\/\/end-intl.com\/\"},{\"@type\":\"ListItem\",\"position\":2,\"name\":\"NOSOTROS\"}]},{\"@type\":\"WebSite\",\"@id\":\"https:\/\/end-intl.com\/#website\",\"url\":\"https:\/\/end-intl.com\/\",\"name\":\"end-intl.com\",\"description\":\"Naturalmente Eficientes\",\"publisher\":{\"@id\":\"https:\/\/end-intl.com\/#organization\"},\"potentialAction\":[{\"@type\":\"SearchAction\",\"target\":{\"@type\":\"EntryPoint\",\"urlTemplate\":\"https:\/\/end-intl.com\/?s={search_term_string}\"},\"query-input\":{\"@type\":\"PropertyValueSpecification\",\"valueRequired\":true,\"valueName\":\"search_term_string\"}}],\"inLanguage\":\"es-CO\"},{\"@type\":\"Organization\",\"@id\":\"https:\/\/end-intl.com\/#organization\",\"name\":\"END international\",\"url\":\"https:\/\/end-intl.com\/\",\"logo\":{\"@type\":\"ImageObject\",\"inLanguage\":\"es-CO\",\"@id\":\"https:\/\/end-intl.com\/#\/schema\/logo\/image\/\",\"url\":\"https:\/\/end-intl.com\/wp-content\/uploads\/2025\/07\/end-final-1.png\",\"contentUrl\":\"https:\/\/end-intl.com\/wp-content\/uploads\/2025\/07\/end-final-1.png\",\"width\":727,\"height\":463,\"caption\":\"END international\"},\"image\":{\"@id\":\"https:\/\/end-intl.com\/#\/schema\/logo\/image\/\"},\"sameAs\":[\"https:\/\/www.facebook.com\/endinternational.col\",\"https:\/\/x.com\/endcolombia\",\"https:\/\/www.instagram.com\/endinternational.col\/\"]}]}<\/script>\n<!-- \/ Yoast SEO plugin. -->","yoast_head_json":{"title":"\u00bfQui\u00e9nes Somos? - Punto Ecol\u00f3gico","description":"End Interntional Desde Hace M\u00e1s De 16 A\u00f1os Transformamos La Experiencia En Ba\u00f1os Con Soluciones de Punto Ecol\u00f3gico, Modernas y Eficientes.","robots":{"index":"index","follow":"follow","max-snippet":"max-snippet:-1","max-image-preview":"max-image-preview:large","max-video-preview":"max-video-preview:-1"},"canonical":"https:\/\/end-intl.com\/index.php\/nosotros\/","og_locale":"es_ES","og_type":"article","og_title":"\u00bfQui\u00e9nes Somos? - Punto Ecol\u00f3gico","og_description":"End Interntional Desde Hace M\u00e1s De 16 A\u00f1os Transformamos La Experiencia En Ba\u00f1os Con Soluciones de Punto Ecol\u00f3gico, Modernas y Eficientes.","og_url":"https:\/\/end-intl.com\/index.php\/nosotros\/","og_site_name":"Tienda END","article_publisher":"https:\/\/www.facebook.com\/endinternational.col","article_modified_time":"2025-07-21T16:21:59+00:00","og_image":[{"width":1648,"height":965,"url":"https:\/\/end-intl.com\/wp-content\/uploads\/2022\/02\/colibri-image-83.png","type":"image\/png"}],"twitter_card":"summary_large_image","twitter_site":"@endcolombia","twitter_misc":{"Tiempo de lectura":"1 minuto"},"schema":{"@context":"https:\/\/schema.org","@graph":[{"@type":"WebPage","@id":"https:\/\/end-intl.com\/index.php\/nosotros\/","url":"https:\/\/end-intl.com\/index.php\/nosotros\/","name":"\u00bfQui\u00e9nes Somos? - Punto Ecol\u00f3gico","isPartOf":{"@id":"https:\/\/end-intl.com\/#website"},"primaryImageOfPage":{"@id":"https:\/\/end-intl.com\/index.php\/nosotros\/#primaryimage"},"image":{"@id":"https:\/\/end-intl.com\/index.php\/nosotros\/#primaryimage"},"thumbnailUrl":"https:\/\/end-intl.com\/wp-content\/uploads\/2022\/02\/colibri-image-83.png","datePublished":"2025-07-04T18:23:45+00:00","dateModified":"2025-07-21T16:21:59+00:00","description":"End Interntional Desde Hace M\u00e1s De 16 A\u00f1os Transformamos La Experiencia En Ba\u00f1os Con Soluciones de Punto Ecol\u00f3gico, Modernas y Eficientes.","breadcrumb":{"@id":"https:\/\/end-intl.com\/index.php\/nosotros\/#breadcrumb"},"inLanguage":"es-CO","potentialAction":[{"@type":"ReadAction","target":["https:\/\/end-intl.com\/index.php\/nosotros\/"]}]},{"@type":"ImageObject","inLanguage":"es-CO","@id":"https:\/\/end-intl.com\/index.php\/nosotros\/#primaryimage","url":"https:\/\/end-intl.com\/wp-content\/uploads\/2022\/02\/colibri-image-83.png","contentUrl":"https:\/\/end-intl.com\/wp-content\/uploads\/2022\/02\/colibri-image-83.png","width":1648,"height":965},{"@type":"BreadcrumbList","@id":"https:\/\/end-intl.com\/index.php\/nosotros\/#breadcrumb","itemListElement":[{"@type":"ListItem","position":1,"name":"Inicio","item":"https:\/\/end-intl.com\/"},{"@type":"ListItem","position":2,"name":"NOSOTROS"}]},{"@type":"WebSite","@id":"https:\/\/end-intl.com\/#website","url":"https:\/\/end-intl.com\/","name":"end-intl.com","description":"Naturalmente Eficientes","publisher":{"@id":"https:\/\/end-intl.com\/#organization"},"potentialAction":[{"@type":"SearchAction","target":{"@type":"EntryPoint","urlTemplate":"https:\/\/end-intl.com\/?s={search_term_string}"},"query-input":{"@type":"PropertyValueSpecification","valueRequired":true,"valueName":"search_term_string"}}],"inLanguage":"es-CO"},{"@type":"Organization","@id":"https:\/\/end-intl.com\/#organization","name":"END international","url":"https:\/\/end-intl.com\/","logo":{"@type":"ImageObject","inLanguage":"es-CO","@id":"https:\/\/end-intl.com\/#\/schema\/logo\/image\/","url":"https:\/\/end-intl.com\/wp-content\/uploads\/2025\/07\/end-final-1.png","contentUrl":"https:\/\/end-intl.com\/wp-content\/uploads\/2025\/07\/end-final-1.png","width":727,"height":463,"caption":"END international"},"image":{"@id":"https:\/\/end-intl.com\/#\/schema\/logo\/image\/"},"sameAs":["https:\/\/www.facebook.com\/endinternational.col","https:\/\/x.com\/endcolombia","https:\/\/www.instagram.com\/endinternational.col\/"]}]}},"jetpack_sharing_enabled":true,"_links":{"self":[{"href":"https:\/\/end-intl.com\/index.php\/wp-json\/wp\/v2\/pages\/1746","targetHints":{"allow":["GET"]}}],"collection":[{"href":"https:\/\/end-intl.com\/index.php\/wp-json\/wp\/v2\/pages"}],"about":[{"href":"https:\/\/end-intl.com\/index.php\/wp-json\/wp\/v2\/types\/page"}],"author":[{"embeddable":true,"href":"https:\/\/end-intl.com\/index.php\/wp-json\/wp\/v2\/users\/1"}],"replies":[{"embeddable":true,"href":"https:\/\/end-intl.com\/index.php\/wp-json\/wp\/v2\/comments?post=1746"}],"version-history":[{"count":1,"href":"https:\/\/end-intl.com\/index.php\/wp-json\/wp\/v2\/pages\/1746\/revisions"}],"predecessor-version":[{"id":2023,"href":"https:\/\/end-intl.com\/index.php\/wp-json\/wp\/v2\/pages\/1746\/revisions\/2023"}],"wp:featuredmedia":[{"embeddable":true,"href":"https:\/\/end-intl.com\/index.php\/wp-json\/wp\/v2\/media\/257"}],"wp:attachment":[{"href":"https:\/\/end-intl.com\/index.php\/wp-json\/wp\/v2\/media?parent=1746"}],"curies":[{"name":"wp","href":"https:\/\/api.w.org\/{rel}","templated":true}]}}