{"id":2233,"date":"2025-08-05T15:05:05","date_gmt":"2025-08-05T15:05:05","guid":{"rendered":"https:\/\/end-intl.com\/index.php\/login\/"},"modified":"2025-08-08T15:49:49","modified_gmt":"2025-08-08T15:49:49","slug":"iniciar-sesion-registrarse","status":"publish","type":"page","link":"https:\/\/end-intl.com\/index.php\/iniciar-sesion-registrarse\/","title":{"rendered":"Iniciar sesi\u00f3n"},"content":{"rendered":"\n<div class=\"wp-block-group is-layout-flow wp-block-group-is-layout-flow\">\n<div class=\"wp-block-cover\" style=\"padding-bottom:140px;min-height:460px;aspect-ratio:unset;\"><img decoding=\"async\" class=\"wp-block-cover__image-background wp-image-139 lazyload\" alt=\"\" data-src=\"https:\/\/end-intl.com\/wp-content\/themes\/zeever\/assets\/img\/achievement-agreement-arms-bump-business-cheer-up-1433619-pxhere.com.webp\" style=\"object-position:50% 57%\" data-object-fit=\"cover\" data-object-position=\"50% 57%\" src=\"data:image\/svg+xml;base64,PHN2ZyB3aWR0aD0iMSIgaGVpZ2h0PSIxIiB4bWxucz0iaHR0cDovL3d3dy53My5vcmcvMjAwMC9zdmciPjwvc3ZnPg==\" \/><span aria-hidden=\"true\" class=\"wp-block-cover__background has-black-background-color has-background-dim-70 has-background-dim\"><\/span><div class=\"wp-block-cover__inner-container is-layout-flow wp-block-cover-is-layout-flow\"><header class=\"wp-block-template-part\">\n<div class=\"wp-block-group is-content-justification-space-between is-nowrap is-layout-flex wp-container-core-group-is-layout-bf916c65 wp-block-group-is-layout-flex\" style=\"padding-right:var(--wp--preset--spacing--50);padding-left:var(--wp--preset--spacing--50)\"><div class=\"wp-block-site-logo\"><a href=\"https:\/\/end-intl.com\/\" class=\"custom-logo-link\" rel=\"home\"><img decoding=\"async\" width=\"143\" height=\"91\" data-src=\"https:\/\/end-intl.com\/wp-content\/uploads\/2025\/07\/CAMBIO-Artboard-1-copia.png\" class=\"custom-logo lazyload\" alt=\"Tienda END\" data-srcset=\"https:\/\/end-intl.com\/wp-content\/uploads\/2025\/07\/CAMBIO-Artboard-1-copia.png 1138w, https:\/\/end-intl.com\/wp-content\/uploads\/2025\/07\/CAMBIO-Artboard-1-copia-300x191.png 300w, https:\/\/end-intl.com\/wp-content\/uploads\/2025\/07\/CAMBIO-Artboard-1-copia-1024x653.png 1024w, https:\/\/end-intl.com\/wp-content\/uploads\/2025\/07\/CAMBIO-Artboard-1-copia-768x490.png 768w\" data-sizes=\"(max-width: 143px) 100vw, 143px\" src=\"data:image\/svg+xml;base64,PHN2ZyB3aWR0aD0iMSIgaGVpZ2h0PSIxIiB4bWxucz0iaHR0cDovL3d3dy53My5vcmcvMjAwMC9zdmciPjwvc3ZnPg==\" style=\"--smush-placeholder-width: 143px; --smush-placeholder-aspect-ratio: 143\/91;\" \/><\/a><\/div>\n\n<nav style=\"font-size:14px;font-style:normal;font-weight:500;line-height:1.5;text-transform:uppercase;letter-spacing:0px;\" class=\"has-text-color has-zeever-primary-color is-responsive items-justified-center is-style-default wp-block-navigation is-horizontal is-content-justification-center is-layout-flex wp-container-core-navigation-is-layout-3ce37f81 wp-block-navigation-is-layout-flex\" aria-label=\"Men\u00fa Cabecera 2\" \n\t\t data-wp-interactive=\"core\/navigation\" data-wp-context='{\"overlayOpenedBy\":{\"click\":false,\"hover\":false,\"focus\":false},\"type\":\"overlay\",\"roleAttribute\":\"\",\"ariaLabel\":\"Men\\u00fa\"}'><button aria-haspopup=\"dialog\" aria-label=\"Abrir el men\u00fa\" class=\"wp-block-navigation__responsive-container-open\" \n\t\t\t\tdata-wp-on-async--click=\"actions.openMenuOnClick\"\n\t\t\t\tdata-wp-on--keydown=\"actions.handleMenuKeydown\"\n\t\t\t><svg width=\"24\" height=\"24\" xmlns=\"http:\/\/www.w3.org\/2000\/svg\" viewBox=\"0 0 24 24\"><path d=\"M5 5v1.5h14V5H5zm0 7.8h14v-1.5H5v1.5zM5 19h14v-1.5H5V19z\" \/><\/svg><\/button>\n\t\t\t\t<div class=\"wp-block-navigation__responsive-container  has-text-color has-zeever-primary-color has-background has-zeever-border-background-color\"  id=\"modal-1\" \n\t\t\t\tdata-wp-class--has-modal-open=\"state.isMenuOpen\"\n\t\t\t\tdata-wp-class--is-menu-open=\"state.isMenuOpen\"\n\t\t\t\tdata-wp-watch=\"callbacks.initMenu\"\n\t\t\t\tdata-wp-on--keydown=\"actions.handleMenuKeydown\"\n\t\t\t\tdata-wp-on-async--focusout=\"actions.handleMenuFocusout\"\n\t\t\t\ttabindex=\"-1\"\n\t\t\t>\n\t\t\t\t\t<div class=\"wp-block-navigation__responsive-close\" tabindex=\"-1\">\n\t\t\t\t\t\t<div class=\"wp-block-navigation__responsive-dialog\" \n\t\t\t\tdata-wp-bind--aria-modal=\"state.ariaModal\"\n\t\t\t\tdata-wp-bind--aria-label=\"state.ariaLabel\"\n\t\t\t\tdata-wp-bind--role=\"state.roleAttribute\"\n\t\t\t>\n\t\t\t\t\t\t\t<button aria-label=\"Cerrar el men\u00fa\" class=\"wp-block-navigation__responsive-container-close\" \n\t\t\t\tdata-wp-on-async--click=\"actions.closeMenuOnClick\"\n\t\t\t><svg xmlns=\"http:\/\/www.w3.org\/2000\/svg\" viewBox=\"0 0 24 24\" width=\"24\" height=\"24\" aria-hidden=\"true\" focusable=\"false\"><path d=\"m13.06 12 6.47-6.47-1.06-1.06L12 10.94 5.53 4.47 4.47 5.53 10.94 12l-6.47 6.47 1.06 1.06L12 13.06l6.47 6.47 1.06-1.06L13.06 12Z\"><\/path><\/svg><\/button>\n\t\t\t\t\t\t\t<div class=\"wp-block-navigation__responsive-container-content\" \n\t\t\t\tdata-wp-watch=\"callbacks.focusFirstElement\"\n\t\t\t id=\"modal-1-content\">\n\t\t\t\t\t\t\t\t<ul style=\"font-size:14px;font-style:normal;font-weight:500;line-height:1.5;text-transform:uppercase;letter-spacing:0px;\" class=\"wp-block-navigation__container has-text-color has-zeever-primary-color is-responsive items-justified-center is-style-default wp-block-navigation\"><li style=\"font-size: 14px;\" class=\" wp-block-navigation-item wp-block-navigation-link\"><a class=\"wp-block-navigation-item__content\"  href=\"https:\/\/end-intl.com\/\"><span class=\"wp-block-navigation-item__label\">INICIO<\/span><\/a><\/li><li style=\"font-size: 14px;\" class=\" wp-block-navigation-item wp-block-navigation-link\"><a class=\"wp-block-navigation-item__content\"  href=\"https:\/\/end-intl.com\/index.php\/nosotros\/\"><span class=\"wp-block-navigation-item__label\">NOSOTROS<\/span><\/a><\/li><li style=\"font-size: 14px;\" class=\" wp-block-navigation-item wp-block-navigation-link\"><a class=\"wp-block-navigation-item__content\"  href=\"https:\/\/end-intl.com\/index.php\/productos\/\"><span class=\"wp-block-navigation-item__label\">PRODUCTOS<\/span><\/a><\/li><li style=\"font-size: 14px;\" class=\" wp-block-navigation-item wp-block-navigation-link\"><a class=\"wp-block-navigation-item__content\"  href=\"https:\/\/end-intl.com\/index.php\/clientes\/\"><span class=\"wp-block-navigation-item__label\">CLIENTES<\/span><\/a><\/li><li style=\"font-size: 14px;\" class=\" wp-block-navigation-item wp-block-navigation-link\"><a class=\"wp-block-navigation-item__content\"  href=\"https:\/\/end-intl.com\/index.php\/sample-page\/\"><span class=\"wp-block-navigation-item__label\">Contactos<\/span><\/a><\/li><li style=\"font-size: 14px;\" class=\" wp-block-navigation-item wp-block-navigation-link\"><a class=\"wp-block-navigation-item__content\"  href=\"https:\/\/end-intl.com\/index.php\/blog\/\"><span class=\"wp-block-navigation-item__label\">BLOG<\/span><\/a><\/li><li style=\"font-size: 14px;\" class=\" wp-block-navigation-item wp-block-navigation-link\"><a class=\"wp-block-navigation-item__content\"  href=\"https:\/\/end-intl.com\/index.php\/login\/\"><span class=\"wp-block-navigation-item__label\">Iniciar sesi\u00f3n<\/span><\/a><\/li><li style=\"font-size: 14px;\" class=\" wp-block-navigation-item wp-block-navigation-link\"><a class=\"wp-block-navigation-item__content\"  href=\"https:\/\/end-intl.com\/index.php\/register\/\"><span class=\"wp-block-navigation-item__label\">Registro<\/span><\/a><\/li><li style=\"font-size: 14px;\" class=\" wp-block-navigation-item wp-block-navigation-link\"><a class=\"wp-block-navigation-item__content\"  href=\"https:\/\/end-intl.com\/index.php\/user\/\"><span class=\"wp-block-navigation-item__label\">Usuario<\/span><\/a><\/li><\/ul>\n\t\t\t\t\t\t\t<\/div>\n\t\t\t\t\t\t<\/div>\n\t\t\t\t\t<\/div>\n\t\t\t\t<\/div><\/nav>\n\n\n<div class=\"wp-block-group is-nowrap is-layout-flex wp-container-core-group-is-layout-6c531013 wp-block-group-is-layout-flex\">\n\n<\/div>\n<\/div>\n<\/header>\n\n\n<div class=\"wp-block-group is-layout-constrained wp-container-core-group-is-layout-e9161faf wp-block-group-is-layout-constrained\" style=\"padding-top:160px\">\n<div class=\"wp-block-columns is-layout-flex wp-container-core-columns-is-layout-28f84493 wp-block-columns-is-layout-flex\">\n<div class=\"wp-block-column is-layout-flow wp-block-column-is-layout-flow\"><h2 style=\"text-transform:uppercase;\" class=\"has-text-align-center wp-block-post-title has-text-color has-white-color has-heading-2-font-size has-cambria-georgia-font-family\">Iniciar sesi\u00f3n<\/h2><\/div>\n<\/div>\n\n\n\n<hr class=\"wp-block-separator has-text-color has-zeever-secondary-color has-alpha-channel-opacity has-zeever-secondary-background-color has-background\"\/>\n<\/div>\n<\/div><\/div>\n<\/div>\n\n\n\n<div style=\"height:100px\" aria-hidden=\"true\" class=\"wp-block-spacer\"><\/div>\n\n\n\n<div class=\"um um-login um-2229\">\n\t<div class=\"um-form\">\n\t\t<form method=\"post\" action=\"\" autocomplete=\"off\">\n\t\t\t<div class=\"um-row _um_row_1  um-customized-row\" style=\"padding: 0px 0px 0px 0px;margin: 0px 0px 30px 0px;border-width: 0px 0px 0px 0px;border-style: solid;border-radius: 0px;color: #23eddf !important;\"><div class=\"um-col-1\"><div  id=\"um_field_2229_username\" class=\"um-field um-field-text  um-field-username um-field-text um-field-type_text\" data-key=\"username\"><div class=\"um-field-label\"><label for=\"username-2229\">Username or E-mail<span class=\"um-req\" title=\"Obligatorio\">*<\/span><\/label><div class=\"um-clear\"><\/div><\/div><div class=\"um-field-area\"><input  autocomplete=\"off\" class=\"um-form-field valid \" type=\"text\" name=\"username-2229\" id=\"username-2229\" value=\"\" placeholder=\"\" data-validate=\"\" data-key=\"username\"  aria-invalid=\"false\" \/>\n\n\t\t\t\t\t\t<\/div><\/div><div  id=\"um_field_2229_user_password\" class=\"um-field um-field-password  um-field-user_password um-field-password um-field-type_password\" data-key=\"user_password\"><div class=\"um-field-label\"><label for=\"user_password-2229\">Contrase\u00f1a<span class=\"um-req\" title=\"Obligatorio\">*<\/span><\/label><div class=\"um-clear\"><\/div><\/div><div class=\"um-field-area\"><div class=\"um-field-area-password\">\n\t\t\t\t\t\t\t\t\t<input class=\"um-form-field valid \" type=\"password\" name=\"user_password-2229\" id=\"user_password-2229\" value=\"\" placeholder=\"\" data-validate=\"\" data-key=\"user_password\"  aria-invalid=\"false\" \/>\n\t\t\t\t\t\t\t\t\t<span class=\"um-toggle-password\"><i class=\"um-icon-eye\"><\/i><\/span>\n\t\t\t\t\t\t\t\t<\/div>\n\t\t\t\t\t\t\t<\/div><\/div><\/div><\/div>\t<input type=\"hidden\" name=\"form_id\" id=\"form_id_2229\" value=\"2229\" \/>\n\t\t<p class=\"um_request_name\">\n\t\t<label for=\"um_request_2229\">Only fill in if you are not human<\/label>\n\t\t<input type=\"hidden\" name=\"um_request\" id=\"um_request_2229\" class=\"input\" value=\"\" size=\"25\" autocomplete=\"off\" \/>\n\t<\/p>\n\t<input type=\"hidden\" id=\"_wpnonce\" name=\"_wpnonce\" value=\"0824f48bd9\" \/><input type=\"hidden\" name=\"_wp_http_referer\" value=\"\/index.php\/wp-json\/wp\/v2\/pages\/2233\" \/>\n\t<div class=\"um-col-alt\">\n\n\t\t\n\n\t\t\t<div class=\"um-field um-field-c\">\n\t\t\t\t<div class=\"um-field-area\">\n\t\t\t\t\t<label class=\"um-field-checkbox\">\n\t\t\t\t\t\t<input type=\"checkbox\" name=\"rememberme\" value=\"1\"  \/>\n\t\t\t\t\t\t<span class=\"um-field-checkbox-state\"><i class=\"um-icon-android-checkbox-outline-blank\"><\/i><\/span>\n\t\t\t\t\t\t<span class=\"um-field-checkbox-option\"> Mantenerme conectado<\/span>\n\t\t\t\t\t<\/label>\n\t\t\t\t<\/div>\n\t\t\t<\/div>\n\n\t\t\t\t\t\t<div class=\"um-clear\"><\/div>\n\t\t\n\t\t\t<div class=\"um-left um-half\">\n\t\t\t\t<input type=\"submit\" value=\"Iniciar sesi\u00f3n\" class=\"um-button\" id=\"um-submit-btn\" \/>\n\t\t\t<\/div>\n\t\t\t<div class=\"um-right um-half\">\n\t\t\t\t<a href=\"https:\/\/end-intl.com\/index.php\/register\/\" class=\"um-button um-alt\">\n\t\t\t\t\tRegistro\t\t\t\t<\/a>\n\t\t\t<\/div>\n\n\t\t\n\t\t<div class=\"um-clear\"><\/div>\n\n\t<\/div>\n\n\t\n\t<div class=\"um-col-alt-b\">\n\t\t<a href=\"https:\/\/end-intl.com\/index.php\/password-reset\/\" class=\"um-link-alt\">\n\t\t\t\u00bfHas olvidado tu contrase\u00f1a?\t\t<\/a>\n\t<\/div>\n\n\t\t\t<\/form>\n\t<\/div>\n<\/div>\n<style>\n\t\t\t.um-2229.um {\n\t\t\tmax-width: 450px;\n\t\t}\n\t\t<\/style>\n\n\n\n<div style=\"height:100px\" aria-hidden=\"true\" class=\"wp-block-spacer\"><\/div>\n\n\n\n<div style=\"height:100px\" aria-hidden=\"true\" class=\"wp-block-spacer\"><\/div>\n\n\n\n<div class=\"wp-block-group alignfull has-background-color has-white-color has-black-background-color has-text-color has-background has-link-color wp-elements-61f673466ef785458ddd6702d639fa9d is-vertical is-content-justification-stretch is-layout-flex wp-container-core-group-is-layout-48a3dbfb wp-block-group-is-layout-flex\" style=\"min-height:40vh;margin-top:0;margin-bottom:0;padding-top:var(--wp--preset--spacing--60);padding-right:var(--wp--preset--spacing--40);padding-bottom:var(--wp--preset--spacing--60);padding-left:var(--wp--preset--spacing--40)\">\n<div class=\"wp-block-columns alignwide has-small-font-size is-layout-flex wp-container-core-columns-is-layout-28f84493 wp-block-columns-is-layout-flex\">\n<div class=\"wp-block-column is-layout-flow wp-block-column-is-layout-flow\">\n<p class=\"has-text-align-center\" style=\"font-size:26px\"><strong>Latino America<br><\/strong><\/p>\n\n\n\n<p class=\"has-text-align-center\" style=\"line-height:1.11\">Colombia \/ Bogot\u00e1 D.C<\/p>\n\n\n\n<p class=\"has-text-align-center\" style=\"line-height:1.11\">Carrera 47 # 91-83 Oficina: 201<\/p>\n\n\n\n<p class=\"has-text-align-center\" style=\"line-height:1.11\">Cel: (+57) 320 231 6924<\/p>\n\n\n\n<p class=\"has-text-align-center\" style=\"line-height:1.11\">E-mail: info@end-intl.com<\/p>\n\n\n\n<div style=\"height:24px\" aria-hidden=\"true\" class=\"wp-block-spacer\"><\/div>\n<\/div>\n\n\n\n<div class=\"wp-block-column is-layout-flow wp-block-column-is-layout-flow\">\n<p class=\"has-text-align-center\" style=\"font-size:26px\"><strong>Asia<\/strong><\/p>\n\n\n\n<p class=\"has-text-align-center\" style=\"line-height:1.11\">China \/ shanghai<\/p>\n\n\n\n<p class=\"has-text-align-center\" style=\"line-height:1.11\">Da Tian Road Lane 129 \u2013 Office&nbsp;No. 33G<\/p>\n\n\n\n<p class=\"has-text-align-center\" style=\"line-height:1.11\">\u2013 Jing An District -Shanghai 200041 \u2013 PRC<\/p>\n\n\n\n<p class=\"has-text-align-center\" style=\"line-height:1.11\">Tel: +86 13524527378<\/p>\n\n\n\n<p class=\"has-text-align-center\" style=\"line-height:1.11\">E-mail: info@end-intl.com<\/p>\n\n\n\n<div style=\"height:24px\" aria-hidden=\"true\" class=\"wp-block-spacer\"><\/div>\n\n\n\n<p class=\"has-text-align-center\"><\/p>\n\n\n\n<div style=\"height:24px\" aria-hidden=\"true\" class=\"wp-block-spacer\"><\/div>\n<\/div>\n\n\n\n<div class=\"wp-block-column is-layout-flow wp-block-column-is-layout-flow\">\n<p class=\"has-text-align-center\" style=\"font-size:26px\"><strong>Europa<\/strong><br><\/p>\n\n\n\n<p class=\"has-text-align-center\" style=\"line-height:1.11\">France \/ Paris<\/p>\n\n\n\n<p class=\"has-text-align-center\" style=\"line-height:1.11\">354 Rue St. Honor\u00e9 Paris 75001<\/p>\n\n\n\n<p class=\"has-text-align-center\" style=\"line-height:1.11\">Tel: (+33) 1 4261 06 19<\/p>\n\n\n\n<p class=\"has-text-align-center\" style=\"line-height:1.11\">E-mail: info@end-intl.com<\/p>\n\n\n\n<div style=\"height:24px\" aria-hidden=\"true\" class=\"wp-block-spacer\"><\/div>\n\n\n\n<p class=\"has-text-align-center\"><\/p>\n\n\n\n<div style=\"height:24px\" aria-hidden=\"true\" class=\"wp-block-spacer\"><\/div>\n<\/div>\n<\/div>\n\n\n\n<div class=\"wp-block-group alignwide is-content-justification-center is-layout-flex wp-container-core-group-is-layout-c124d1c4 wp-block-group-is-layout-flex\">\n<p class=\"has-text-align-center has-zeever-secondary-color has-text-color has-link-color has-small-font-size wp-elements-4f7f10c3a79765da51f3a06db4787d9d\" style=\"text-decoration:underline\"><a href=\"By:&nbsp;Rey Leon Investments CO LTD\">By:&nbsp;<\/a><a href=\"https:\/\/reyleoninvestments.com\/?page_id=858\">Rey Leon Investments CO LTD<\/a><\/p>\n<\/div>\n<\/div>\n","protected":false},"excerpt":{"rendered":"<p>Latino America Colombia \/ Bogot\u00e1 D.C Carrera 47 # 91-83 Oficina: 201 Cel: (+57) 320 231 6924 E-mail: info@end-intl.com Asia China \/ shanghai Da Tian Road Lane 129 \u2013 Office&nbsp;No. 33G \u2013 Jing An District -Shanghai 200041 \u2013 PRC Tel: +86 13524527378 E-mail: info@end-intl.com Europa France \/ Paris 354 Rue St. Honor\u00e9 Paris 75001 Tel: (+33) 1 4261 06 19 E-mail: info@end-intl.com By:&nbsp;Rey Leon Investments CO LTD<\/p>\n","protected":false},"author":1,"featured_media":0,"parent":0,"menu_order":0,"comment_status":"closed","ping_status":"closed","template":"blank-canvas","meta":{"footnotes":""},"class_list":["post-2233","page","type-page","status-publish","hentry"],"yoast_head":"<!-- This site is optimized with the Yoast SEO plugin v25.6 - https:\/\/yoast.com\/wordpress\/plugins\/seo\/ -->\n<title>Iniciar sesi\u00f3n - Usuario<\/title>\n<meta name=\"description\" content=\"Para Iniciar Sesi\u00f3n Con Tu Cuenta Es Importante Registrarse. Solo Para Las Personas Que Quieran Mandar Una Solicitud Pueden Iniciar Sesi\u00f3n.\" \/>\n<meta name=\"robots\" content=\"index, follow, max-snippet:-1, max-image-preview:large, max-video-preview:-1\" \/>\n<link rel=\"canonical\" href=\"https:\/\/end-intl.com\/index.php\/iniciar-sesion-registrarse\/\" \/>\n<meta property=\"og:locale\" content=\"es_ES\" \/>\n<meta property=\"og:type\" content=\"article\" \/>\n<meta property=\"og:title\" content=\"Iniciar sesi\u00f3n - Usuario\" \/>\n<meta property=\"og:description\" content=\"Para Iniciar Sesi\u00f3n Con Tu Cuenta Es Importante Registrarse. Solo Para Las Personas Que Quieran Mandar Una Solicitud Pueden Iniciar Sesi\u00f3n.\" \/>\n<meta property=\"og:url\" content=\"https:\/\/end-intl.com\/index.php\/iniciar-sesion-registrarse\/\" \/>\n<meta property=\"og:site_name\" content=\"Tienda END\" \/>\n<meta property=\"article:publisher\" content=\"https:\/\/www.facebook.com\/endinternational.col\" \/>\n<meta property=\"article:modified_time\" content=\"2025-08-08T15:49:49+00:00\" \/>\n<meta property=\"og:image\" content=\"https:\/\/end-intl.com\/wp-content\/uploads\/2025\/07\/end-final-1.png\" \/>\n\t<meta property=\"og:image:width\" content=\"727\" \/>\n\t<meta property=\"og:image:height\" content=\"463\" \/>\n\t<meta property=\"og:image:type\" content=\"image\/png\" \/>\n<meta name=\"twitter:card\" content=\"summary_large_image\" \/>\n<meta name=\"twitter:site\" content=\"@endcolombia\" \/>\n<meta name=\"twitter:label1\" content=\"Tiempo de lectura\" \/>\n\t<meta name=\"twitter:data1\" content=\"1 minuto\" \/>\n<script type=\"application\/ld+json\" class=\"yoast-schema-graph\">{\"@context\":\"https:\/\/schema.org\",\"@graph\":[{\"@type\":\"WebPage\",\"@id\":\"https:\/\/end-intl.com\/index.php\/iniciar-sesion-registrarse\/\",\"url\":\"https:\/\/end-intl.com\/index.php\/iniciar-sesion-registrarse\/\",\"name\":\"Iniciar sesi\u00f3n - Usuario\",\"isPartOf\":{\"@id\":\"https:\/\/end-intl.com\/#website\"},\"primaryImageOfPage\":{\"@id\":\"https:\/\/end-intl.com\/index.php\/iniciar-sesion-registrarse\/#primaryimage\"},\"image\":{\"@id\":\"https:\/\/end-intl.com\/index.php\/iniciar-sesion-registrarse\/#primaryimage\"},\"thumbnailUrl\":\"https:\/\/end-intl.com\/wp-content\/themes\/zeever\/assets\/img\/achievement-agreement-arms-bump-business-cheer-up-1433619-pxhere.com.webp\",\"datePublished\":\"2025-08-05T15:05:05+00:00\",\"dateModified\":\"2025-08-08T15:49:49+00:00\",\"description\":\"Para Iniciar Sesi\u00f3n Con Tu Cuenta Es Importante Registrarse. Solo Para Las Personas Que Quieran Mandar Una Solicitud Pueden Iniciar Sesi\u00f3n.\",\"breadcrumb\":{\"@id\":\"https:\/\/end-intl.com\/index.php\/iniciar-sesion-registrarse\/#breadcrumb\"},\"inLanguage\":\"es-CO\",\"potentialAction\":[{\"@type\":\"ReadAction\",\"target\":[\"https:\/\/end-intl.com\/index.php\/iniciar-sesion-registrarse\/\"]}]},{\"@type\":\"ImageObject\",\"inLanguage\":\"es-CO\",\"@id\":\"https:\/\/end-intl.com\/index.php\/iniciar-sesion-registrarse\/#primaryimage\",\"url\":\"\",\"contentUrl\":\"\"},{\"@type\":\"BreadcrumbList\",\"@id\":\"https:\/\/end-intl.com\/index.php\/iniciar-sesion-registrarse\/#breadcrumb\",\"itemListElement\":[{\"@type\":\"ListItem\",\"position\":1,\"name\":\"Inicio\",\"item\":\"https:\/\/end-intl.com\/\"},{\"@type\":\"ListItem\",\"position\":2,\"name\":\"Iniciar sesi\u00f3n\"}]},{\"@type\":\"WebSite\",\"@id\":\"https:\/\/end-intl.com\/#website\",\"url\":\"https:\/\/end-intl.com\/\",\"name\":\"end-intl.com\",\"description\":\"Naturalmente Eficientes\",\"publisher\":{\"@id\":\"https:\/\/end-intl.com\/#organization\"},\"potentialAction\":[{\"@type\":\"SearchAction\",\"target\":{\"@type\":\"EntryPoint\",\"urlTemplate\":\"https:\/\/end-intl.com\/?s={search_term_string}\"},\"query-input\":{\"@type\":\"PropertyValueSpecification\",\"valueRequired\":true,\"valueName\":\"search_term_string\"}}],\"inLanguage\":\"es-CO\"},{\"@type\":\"Organization\",\"@id\":\"https:\/\/end-intl.com\/#organization\",\"name\":\"END international\",\"url\":\"https:\/\/end-intl.com\/\",\"logo\":{\"@type\":\"ImageObject\",\"inLanguage\":\"es-CO\",\"@id\":\"https:\/\/end-intl.com\/#\/schema\/logo\/image\/\",\"url\":\"https:\/\/end-intl.com\/wp-content\/uploads\/2025\/07\/end-final-1.png\",\"contentUrl\":\"https:\/\/end-intl.com\/wp-content\/uploads\/2025\/07\/end-final-1.png\",\"width\":727,\"height\":463,\"caption\":\"END international\"},\"image\":{\"@id\":\"https:\/\/end-intl.com\/#\/schema\/logo\/image\/\"},\"sameAs\":[\"https:\/\/www.facebook.com\/endinternational.col\",\"https:\/\/x.com\/endcolombia\",\"https:\/\/www.instagram.com\/endinternational.col\/\"]}]}<\/script>\n<!-- \/ Yoast SEO plugin. -->","yoast_head_json":{"title":"Iniciar sesi\u00f3n - Usuario","description":"Para Iniciar Sesi\u00f3n Con Tu Cuenta Es Importante Registrarse. Solo Para Las Personas Que Quieran Mandar Una Solicitud Pueden Iniciar Sesi\u00f3n.","robots":{"index":"index","follow":"follow","max-snippet":"max-snippet:-1","max-image-preview":"max-image-preview:large","max-video-preview":"max-video-preview:-1"},"canonical":"https:\/\/end-intl.com\/index.php\/iniciar-sesion-registrarse\/","og_locale":"es_ES","og_type":"article","og_title":"Iniciar sesi\u00f3n - Usuario","og_description":"Para Iniciar Sesi\u00f3n Con Tu Cuenta Es Importante Registrarse. Solo Para Las Personas Que Quieran Mandar Una Solicitud Pueden Iniciar Sesi\u00f3n.","og_url":"https:\/\/end-intl.com\/index.php\/iniciar-sesion-registrarse\/","og_site_name":"Tienda END","article_publisher":"https:\/\/www.facebook.com\/endinternational.col","article_modified_time":"2025-08-08T15:49:49+00:00","og_image":[{"width":727,"height":463,"url":"https:\/\/end-intl.com\/wp-content\/uploads\/2025\/07\/end-final-1.png","type":"image\/png"}],"twitter_card":"summary_large_image","twitter_site":"@endcolombia","twitter_misc":{"Tiempo de lectura":"1 minuto"},"schema":{"@context":"https:\/\/schema.org","@graph":[{"@type":"WebPage","@id":"https:\/\/end-intl.com\/index.php\/iniciar-sesion-registrarse\/","url":"https:\/\/end-intl.com\/index.php\/iniciar-sesion-registrarse\/","name":"Iniciar sesi\u00f3n - Usuario","isPartOf":{"@id":"https:\/\/end-intl.com\/#website"},"primaryImageOfPage":{"@id":"https:\/\/end-intl.com\/index.php\/iniciar-sesion-registrarse\/#primaryimage"},"image":{"@id":"https:\/\/end-intl.com\/index.php\/iniciar-sesion-registrarse\/#primaryimage"},"thumbnailUrl":"https:\/\/end-intl.com\/wp-content\/themes\/zeever\/assets\/img\/achievement-agreement-arms-bump-business-cheer-up-1433619-pxhere.com.webp","datePublished":"2025-08-05T15:05:05+00:00","dateModified":"2025-08-08T15:49:49+00:00","description":"Para Iniciar Sesi\u00f3n Con Tu Cuenta Es Importante Registrarse. Solo Para Las Personas Que Quieran Mandar Una Solicitud Pueden Iniciar Sesi\u00f3n.","breadcrumb":{"@id":"https:\/\/end-intl.com\/index.php\/iniciar-sesion-registrarse\/#breadcrumb"},"inLanguage":"es-CO","potentialAction":[{"@type":"ReadAction","target":["https:\/\/end-intl.com\/index.php\/iniciar-sesion-registrarse\/"]}]},{"@type":"ImageObject","inLanguage":"es-CO","@id":"https:\/\/end-intl.com\/index.php\/iniciar-sesion-registrarse\/#primaryimage","url":"","contentUrl":""},{"@type":"BreadcrumbList","@id":"https:\/\/end-intl.com\/index.php\/iniciar-sesion-registrarse\/#breadcrumb","itemListElement":[{"@type":"ListItem","position":1,"name":"Inicio","item":"https:\/\/end-intl.com\/"},{"@type":"ListItem","position":2,"name":"Iniciar sesi\u00f3n"}]},{"@type":"WebSite","@id":"https:\/\/end-intl.com\/#website","url":"https:\/\/end-intl.com\/","name":"end-intl.com","description":"Naturalmente Eficientes","publisher":{"@id":"https:\/\/end-intl.com\/#organization"},"potentialAction":[{"@type":"SearchAction","target":{"@type":"EntryPoint","urlTemplate":"https:\/\/end-intl.com\/?s={search_term_string}"},"query-input":{"@type":"PropertyValueSpecification","valueRequired":true,"valueName":"search_term_string"}}],"inLanguage":"es-CO"},{"@type":"Organization","@id":"https:\/\/end-intl.com\/#organization","name":"END international","url":"https:\/\/end-intl.com\/","logo":{"@type":"ImageObject","inLanguage":"es-CO","@id":"https:\/\/end-intl.com\/#\/schema\/logo\/image\/","url":"https:\/\/end-intl.com\/wp-content\/uploads\/2025\/07\/end-final-1.png","contentUrl":"https:\/\/end-intl.com\/wp-content\/uploads\/2025\/07\/end-final-1.png","width":727,"height":463,"caption":"END international"},"image":{"@id":"https:\/\/end-intl.com\/#\/schema\/logo\/image\/"},"sameAs":["https:\/\/www.facebook.com\/endinternational.col","https:\/\/x.com\/endcolombia","https:\/\/www.instagram.com\/endinternational.col\/"]}]}},"jetpack_sharing_enabled":true,"_links":{"self":[{"href":"https:\/\/end-intl.com\/index.php\/wp-json\/wp\/v2\/pages\/2233","targetHints":{"allow":["GET"]}}],"collection":[{"href":"https:\/\/end-intl.com\/index.php\/wp-json\/wp\/v2\/pages"}],"about":[{"href":"https:\/\/end-intl.com\/index.php\/wp-json\/wp\/v2\/types\/page"}],"author":[{"embeddable":true,"href":"https:\/\/end-intl.com\/index.php\/wp-json\/wp\/v2\/users\/1"}],"replies":[{"embeddable":true,"href":"https:\/\/end-intl.com\/index.php\/wp-json\/wp\/v2\/comments?post=2233"}],"version-history":[{"count":6,"href":"https:\/\/end-intl.com\/index.php\/wp-json\/wp\/v2\/pages\/2233\/revisions"}],"predecessor-version":[{"id":2291,"href":"https:\/\/end-intl.com\/index.php\/wp-json\/wp\/v2\/pages\/2233\/revisions\/2291"}],"wp:attachment":[{"href":"https:\/\/end-intl.com\/index.php\/wp-json\/wp\/v2\/media?parent=2233"}],"curies":[{"name":"wp","href":"https:\/\/api.w.org\/{rel}","templated":true}]}}