{"id":2238,"date":"2025-08-05T15:05:05","date_gmt":"2025-08-05T15:05:05","guid":{"rendered":"https:\/\/end-intl.com\/index.php\/password-reset\/"},"modified":"2025-08-05T15:45:14","modified_gmt":"2025-08-05T15:45:14","slug":"password-reset","status":"publish","type":"page","link":"https:\/\/end-intl.com\/index.php\/password-reset\/","title":{"rendered":"Restablecer la contrase\u00f1a"},"content":{"rendered":"<div class=\"um um-password um-um_password_id\">\n\t<div class=\"um-form\">\n\t\t<form method=\"post\" action=\"\">\n\t\t\t\n\t\t\t\t<input type=\"hidden\" name=\"_um_password_reset\" id=\"_um_password_reset\" value=\"1\" \/>\n\n\t\t\t\t\t\t\t\t\t<div class=\"um-field um-field-block um-field-type_block\">\n\t\t\t\t\t\t<div class=\"um-field-block\">\n\t\t\t\t\t\t\t<div style=\"text-align:center;\">\n\t\t\t\t\t\t\t\tPara restablecer tu contrase\u00f1a, por favor, introduce a continuaci\u00f3n tu direcci\u00f3n de correo electr\u00f3nico o nombre de usuario.\t\t\t\t\t\t\t<\/div>\n\t\t\t\t\t\t<\/div>\n\t\t\t\t\t<\/div>\n\t\t\t\t\t<div  id=\"um_field_0_username_b\" class=\"um-field um-field-text  um-field-username_b um-field-text um-field-type_text\" data-key=\"username_b\"><div class=\"um-field-area\"><input  autocomplete=\"off\" class=\"um-form-field valid \" type=\"text\" name=\"username_b\" id=\"username_b\" value=\"\" placeholder=\"Introduce tu nombre de usuario o correo electr\u00f3nico\" data-validate=\"\" data-key=\"username_b\"  aria-invalid=\"false\" \/>\n\n\t\t\t\t\t\t<\/div><\/div>\t\t\t\t<div class=\"um-col-alt um-col-alt-b\">\n\t\t\t\t\t<div class=\"um-center\">\n\t\t\t\t\t\t<input type=\"submit\" value=\"Reset password\" class=\"um-button\" id=\"um-submit-btn\" \/>\n\t\t\t\t\t<\/div>\n\t\t\t\t\t<div class=\"um-clear\"><\/div>\n\t\t\t\t<\/div>\n\t\t\t\t\t<input type=\"hidden\" name=\"form_id\" id=\"form_id_um_password_id\" value=\"um_password_id\" \/>\n\t\t<p class=\"um_request_name\">\n\t\t<label for=\"um_request_um_password_id\">Only fill in if you are not human<\/label>\n\t\t<input type=\"hidden\" name=\"um_request\" id=\"um_request_um_password_id\" class=\"input\" value=\"\" size=\"25\" autocomplete=\"off\" \/>\n\t<\/p>\n\t\t\t<\/form>\n\t<\/div>\n<\/div>\n<style>\n\t\t\t.um-um_password_id.um {\n\t\t\tmax-width: 450px;\n\t\t}\n\t\t<\/style>\n\n","protected":false},"excerpt":{"rendered":"","protected":false},"author":1,"featured_media":0,"parent":0,"menu_order":0,"comment_status":"closed","ping_status":"closed","template":"blank-canvas","meta":{"footnotes":""},"class_list":["post-2238","page","type-page","status-publish","hentry"],"yoast_head":"<!-- This site is optimized with the Yoast SEO plugin v25.6 - https:\/\/yoast.com\/wordpress\/plugins\/seo\/ -->\n<title>Restablecer la contrase\u00f1a -<\/title>\n<meta name=\"robots\" content=\"index, follow, max-snippet:-1, max-image-preview:large, max-video-preview:-1\" \/>\n<link rel=\"canonical\" href=\"https:\/\/end-intl.com\/index.php\/password-reset\/\" \/>\n<meta property=\"og:locale\" content=\"es_ES\" \/>\n<meta property=\"og:type\" content=\"article\" \/>\n<meta property=\"og:title\" content=\"Restablecer la contrase\u00f1a -\" \/>\n<meta property=\"og:url\" content=\"https:\/\/end-intl.com\/index.php\/password-reset\/\" \/>\n<meta property=\"og:site_name\" content=\"Tienda END\" \/>\n<meta property=\"article:publisher\" content=\"https:\/\/www.facebook.com\/endinternational.col\" \/>\n<meta property=\"article:modified_time\" content=\"2025-08-05T15:45:14+00:00\" \/>\n<meta property=\"og:image\" content=\"https:\/\/end-intl.com\/wp-content\/uploads\/2025\/07\/end-final-1.png\" \/>\n\t<meta property=\"og:image:width\" content=\"727\" \/>\n\t<meta property=\"og:image:height\" content=\"463\" \/>\n\t<meta property=\"og:image:type\" content=\"image\/png\" \/>\n<meta name=\"twitter:card\" content=\"summary_large_image\" \/>\n<meta name=\"twitter:site\" content=\"@endcolombia\" \/>\n<script type=\"application\/ld+json\" class=\"yoast-schema-graph\">{\"@context\":\"https:\/\/schema.org\",\"@graph\":[{\"@type\":\"WebPage\",\"@id\":\"https:\/\/end-intl.com\/index.php\/password-reset\/\",\"url\":\"https:\/\/end-intl.com\/index.php\/password-reset\/\",\"name\":\"Restablecer la contrase\u00f1a -\",\"isPartOf\":{\"@id\":\"https:\/\/end-intl.com\/#website\"},\"datePublished\":\"2025-08-05T15:05:05+00:00\",\"dateModified\":\"2025-08-05T15:45:14+00:00\",\"breadcrumb\":{\"@id\":\"https:\/\/end-intl.com\/index.php\/password-reset\/#breadcrumb\"},\"inLanguage\":\"es-CO\",\"potentialAction\":[{\"@type\":\"ReadAction\",\"target\":[\"https:\/\/end-intl.com\/index.php\/password-reset\/\"]}]},{\"@type\":\"BreadcrumbList\",\"@id\":\"https:\/\/end-intl.com\/index.php\/password-reset\/#breadcrumb\",\"itemListElement\":[{\"@type\":\"ListItem\",\"position\":1,\"name\":\"Inicio\",\"item\":\"https:\/\/end-intl.com\/\"},{\"@type\":\"ListItem\",\"position\":2,\"name\":\"Restablecer la contrase\u00f1a\"}]},{\"@type\":\"WebSite\",\"@id\":\"https:\/\/end-intl.com\/#website\",\"url\":\"https:\/\/end-intl.com\/\",\"name\":\"end-intl.com\",\"description\":\"Naturalmente Eficientes\",\"publisher\":{\"@id\":\"https:\/\/end-intl.com\/#organization\"},\"potentialAction\":[{\"@type\":\"SearchAction\",\"target\":{\"@type\":\"EntryPoint\",\"urlTemplate\":\"https:\/\/end-intl.com\/?s={search_term_string}\"},\"query-input\":{\"@type\":\"PropertyValueSpecification\",\"valueRequired\":true,\"valueName\":\"search_term_string\"}}],\"inLanguage\":\"es-CO\"},{\"@type\":\"Organization\",\"@id\":\"https:\/\/end-intl.com\/#organization\",\"name\":\"END international\",\"url\":\"https:\/\/end-intl.com\/\",\"logo\":{\"@type\":\"ImageObject\",\"inLanguage\":\"es-CO\",\"@id\":\"https:\/\/end-intl.com\/#\/schema\/logo\/image\/\",\"url\":\"https:\/\/end-intl.com\/wp-content\/uploads\/2025\/07\/end-final-1.png\",\"contentUrl\":\"https:\/\/end-intl.com\/wp-content\/uploads\/2025\/07\/end-final-1.png\",\"width\":727,\"height\":463,\"caption\":\"END international\"},\"image\":{\"@id\":\"https:\/\/end-intl.com\/#\/schema\/logo\/image\/\"},\"sameAs\":[\"https:\/\/www.facebook.com\/endinternational.col\",\"https:\/\/x.com\/endcolombia\",\"https:\/\/www.instagram.com\/endinternational.col\/\"]}]}<\/script>\n<!-- \/ Yoast SEO plugin. -->","yoast_head_json":{"title":"Restablecer la contrase\u00f1a -","robots":{"index":"index","follow":"follow","max-snippet":"max-snippet:-1","max-image-preview":"max-image-preview:large","max-video-preview":"max-video-preview:-1"},"canonical":"https:\/\/end-intl.com\/index.php\/password-reset\/","og_locale":"es_ES","og_type":"article","og_title":"Restablecer la contrase\u00f1a -","og_url":"https:\/\/end-intl.com\/index.php\/password-reset\/","og_site_name":"Tienda END","article_publisher":"https:\/\/www.facebook.com\/endinternational.col","article_modified_time":"2025-08-05T15:45:14+00:00","og_image":[{"width":727,"height":463,"url":"https:\/\/end-intl.com\/wp-content\/uploads\/2025\/07\/end-final-1.png","type":"image\/png"}],"twitter_card":"summary_large_image","twitter_site":"@endcolombia","schema":{"@context":"https:\/\/schema.org","@graph":[{"@type":"WebPage","@id":"https:\/\/end-intl.com\/index.php\/password-reset\/","url":"https:\/\/end-intl.com\/index.php\/password-reset\/","name":"Restablecer la contrase\u00f1a -","isPartOf":{"@id":"https:\/\/end-intl.com\/#website"},"datePublished":"2025-08-05T15:05:05+00:00","dateModified":"2025-08-05T15:45:14+00:00","breadcrumb":{"@id":"https:\/\/end-intl.com\/index.php\/password-reset\/#breadcrumb"},"inLanguage":"es-CO","potentialAction":[{"@type":"ReadAction","target":["https:\/\/end-intl.com\/index.php\/password-reset\/"]}]},{"@type":"BreadcrumbList","@id":"https:\/\/end-intl.com\/index.php\/password-reset\/#breadcrumb","itemListElement":[{"@type":"ListItem","position":1,"name":"Inicio","item":"https:\/\/end-intl.com\/"},{"@type":"ListItem","position":2,"name":"Restablecer la contrase\u00f1a"}]},{"@type":"WebSite","@id":"https:\/\/end-intl.com\/#website","url":"https:\/\/end-intl.com\/","name":"end-intl.com","description":"Naturalmente Eficientes","publisher":{"@id":"https:\/\/end-intl.com\/#organization"},"potentialAction":[{"@type":"SearchAction","target":{"@type":"EntryPoint","urlTemplate":"https:\/\/end-intl.com\/?s={search_term_string}"},"query-input":{"@type":"PropertyValueSpecification","valueRequired":true,"valueName":"search_term_string"}}],"inLanguage":"es-CO"},{"@type":"Organization","@id":"https:\/\/end-intl.com\/#organization","name":"END international","url":"https:\/\/end-intl.com\/","logo":{"@type":"ImageObject","inLanguage":"es-CO","@id":"https:\/\/end-intl.com\/#\/schema\/logo\/image\/","url":"https:\/\/end-intl.com\/wp-content\/uploads\/2025\/07\/end-final-1.png","contentUrl":"https:\/\/end-intl.com\/wp-content\/uploads\/2025\/07\/end-final-1.png","width":727,"height":463,"caption":"END international"},"image":{"@id":"https:\/\/end-intl.com\/#\/schema\/logo\/image\/"},"sameAs":["https:\/\/www.facebook.com\/endinternational.col","https:\/\/x.com\/endcolombia","https:\/\/www.instagram.com\/endinternational.col\/"]}]}},"jetpack_sharing_enabled":true,"_links":{"self":[{"href":"https:\/\/end-intl.com\/index.php\/wp-json\/wp\/v2\/pages\/2238","targetHints":{"allow":["GET"]}}],"collection":[{"href":"https:\/\/end-intl.com\/index.php\/wp-json\/wp\/v2\/pages"}],"about":[{"href":"https:\/\/end-intl.com\/index.php\/wp-json\/wp\/v2\/types\/page"}],"author":[{"embeddable":true,"href":"https:\/\/end-intl.com\/index.php\/wp-json\/wp\/v2\/users\/1"}],"replies":[{"embeddable":true,"href":"https:\/\/end-intl.com\/index.php\/wp-json\/wp\/v2\/comments?post=2238"}],"version-history":[{"count":1,"href":"https:\/\/end-intl.com\/index.php\/wp-json\/wp\/v2\/pages\/2238\/revisions"}],"predecessor-version":[{"id":2241,"href":"https:\/\/end-intl.com\/index.php\/wp-json\/wp\/v2\/pages\/2238\/revisions\/2241"}],"wp:attachment":[{"href":"https:\/\/end-intl.com\/index.php\/wp-json\/wp\/v2\/media?parent=2238"}],"curies":[{"name":"wp","href":"https:\/\/api.w.org\/{rel}","templated":true}]}}